{"id":3775,"date":"2015-03-03T16:38:55","date_gmt":"2015-03-03T14:38:55","guid":{"rendered":"http:\/\/www.bohrerconsulting.eu\/privacy-2\/"},"modified":"2017-05-31T08:25:00","modified_gmt":"2017-05-31T07:25:00","slug":"datenschutz","status":"publish","type":"page","link":"https:\/\/www.bohrerconsulting.eu\/it\/datenschutz\/","title":{"rendered":"Datenschutz"},"content":{"rendered":"<h3 style=\"text-align: center;\"><strong>AUFKL\u00c4RUNG IM SINNE VON ARTIKEL 13 DES LEGISLATIVDEKRETES Nr. 196\/2003 (DATENSCHUTZKODEX)<\/strong><\/h3>\n<p style=\"text-align: justify;\">Im Sinne von Artikel 13 des Legislativdekretes Nr. 196\/2003 (in der Folge: Datenschutzkodex \u2013 DSK), und unter Bezugnahme auf die personenbezogenen Akten, in deren Kenntnis die bohrer consulting \/ Patrizia Bohrer gelangen wird, informieren wir Sie \u00fcber folgendes:<\/p>\n<p style=\"text-align: justify;\">1. Zielsetzung der Datenverarbeitung<br \/>\nDie Datenverarbeitung wird ausschlie\u00dflich zu dem Zweck vorgenommen, den erteilten Auftrag korrekt und vollst\u00e4ndig auszuf\u00fchren, sowie im Zuge der Erf\u00fcllung der geltenden gesetzlichen Bestimmungen zur Bek\u00e4mpfung der Geldw\u00e4sche im Sinne und mit den Wirkungen des legislativ Dekretes Nr. 231\/2007.<\/p>\n<p style=\"text-align: justify;\">2. Modalit\u00e4ten der Datenverarbeitung<br \/>\na)\u00a0\u00a0 \u00a0Die Datenverarbeitung erfolgt mittels der Verarbeitungsvorg\u00e4nge bzw. Vorgangsreihen, die in Artikel 4 Absatz 1 Buchstabe a) des DSK beschriebenen sind: Erhebung, Speicherung, Organisation, Aufbewahrung, Abfrage, Verarbeitung im engeren Sinn, \u00c4nderung, Auswahl, Auslese, Vergleichung, Verwendung, Verkn\u00fcpfung, Sperrung, \u00dcbermittlung, L\u00f6schung und Vernichtung von Daten.<br \/>\nb)\u00a0\u00a0 \u00a0Die Verarbeitungsvorg\u00e4nge k\u00f6nnen mit und ohne zu Hilfenahme elektronischer oder sonst wie automatisierter Instrumente durchgef\u00fchrt werden.<br \/>\nc)\u00a0\u00a0 \u00a0Die Datenverarbeitung wird vom Rechtsinhaber und\/oder den mit der Verarbeitung Beauftragten durchgef\u00fchrt.<\/p>\n<p style=\"text-align: justify;\">3. Bekanntgabe der Daten<br \/>\nDie Bekanntgabe der gew\u00f6hnlichen, sensiblen und gerichtlichen personenbezogenen Akten ist unverzichtbar f\u00fcr die Erf\u00fcllung des Auftrages im Sinne von Punkt 1.<\/p>\n<p style=\"text-align: justify;\">4. Weigerung der Bekanntgabe der Daten<br \/>\nDie eventuelle Weigerung seitens des Betroffenen die personenbezogenen Daten nach Punkt 3 bekanntzugeben hat zur Folge, dass die T\u00e4tigkeit im Sinne von Punkt 1 nicht ausgef\u00fchrt werden kann.<\/p>\n<p style=\"text-align: justify;\">5. \u00dcbermittlung der Daten<br \/>\nDie personenbezogenen Daten k\u00f6nnen den mit der Verarbeitung Beauftragten zug\u00e4nglich gemacht werden und k\u00f6nnen f\u00fcr die Zielsetzung nach Punkt 1 externen Mitarbeitern, Personen, und grunds\u00e4tzlich allen jenen Rechtstr\u00e4gern \u00fcbermittelt werden, denen diese Daten unbedingt mitgeteilt werden m\u00fcssen f\u00fcr die korrekte Erf\u00fcllung der Zielsetzungen nach Punkt 1.<\/p>\n<p style=\"text-align: justify;\">6. Verbreitung der Daten<br \/>\nDie personenbezogenen Daten werden nicht verbreitet.<\/p>\n<p style=\"text-align: justify;\">7. \u00dcbermittlung der Daten ins Ausland<br \/>\nDie personenbezogenen Daten k\u00f6nnen in Mitgliedsstaaten der Europ\u00e4ischen Union und in Drittstaaten im Rahmen der Zielsetzungen des Punktes Nr. 1 \u00fcbermittelt werden.<\/p>\n<p style=\"text-align: justify;\">8. Rechte des Betroffenen<br \/>\nArtikel 7 DSK erlaubt dem Betroffenen die Aus\u00fcbung spezifischer Rechte, darunter das Recht, vom Rechtsinhaber eine Best\u00e4tigung \u00fcber die Existenz oder Nichtexistenz seiner personenbezogenen Daten zu erhalten, und das Recht, dass diese Daten in verst\u00e4ndlicher Form zur Verf\u00fcgung gestellt werden; die Betroffene hat das Recht, Kenntnis \u00fcber die Herkunft der Daten, den Zweck und die Modalit\u00e4ten der Verarbeitung, das angewandte System, falls die Daten elektronisch verarbeitet werden, die wichtigsten Daten zur Identifizierung des Rechtsinhabers und der Person oder Kategorien von Personen, denen die personenbezogenen Daten \u00fcbermittelt werden k\u00f6nnen; die L\u00f6schung, die Anonymisierung oder die Sperrung der Daten, die gesetzwidrig verarbeitet werden, zu verlangen; der Betroffene hat das Recht, sich aus legitimen Gr\u00fcnden der Datenverarbeitung zu widersetzten.<\/p>\n<p style=\"text-align: justify;\">9. Rechtsinhaber der Verarbeitung<br \/>\nRechtsinhaber der Verarbeitung ist die bohrer consulting \/ Patrizia Bohrer.<\/p>\n","protected":false},"excerpt":{"rendered":"<p>AUFKL\u00c4RUNG IM SINNE VON ARTIKEL 13 DES LEGISLATIVDEKRETES Nr. 196\/2003 (DATENSCHUTZKODEX) Im Sinne von Artikel 13 des Legislativdekretes Nr. 196\/2003 (in der Folge: Datenschutzkodex \u2013 DSK), und unter Bezugnahme auf die personenbezogenen Akten, in deren Kenntnis die bohrer consulting \/ Patrizia Bohrer gelangen wird, informieren wir Sie \u00fcber folgendes: 1. Zielsetzung der Datenverarbeitung Die Datenverarbeitung [&hellip;]<\/p>\n","protected":false},"author":2,"featured_media":0,"parent":0,"menu_order":0,"comment_status":"closed","ping_status":"closed","template":"","meta":{"footnotes":""},"class_list":["post-3775","page","type-page","status-publish","hentry"],"yoast_head":"<!-- This site is optimized with the Yoast SEO plugin v26.9 - https:\/\/yoast.com\/product\/yoast-seo-wordpress\/ -->\n<title>Datenschutz | Bohrer Consulting<\/title>\n<meta name=\"description\" content=\"Datenschutzkodex\" \/>\n<meta name=\"robots\" content=\"index, follow, max-snippet:-1, max-image-preview:large, max-video-preview:-1\" \/>\n<link rel=\"canonical\" href=\"https:\/\/www.bohrerconsulting.eu\/it\/datenschutz\/\" \/>\n<meta property=\"og:locale\" content=\"it_IT\" \/>\n<meta property=\"og:type\" content=\"article\" \/>\n<meta property=\"og:title\" content=\"Datenschutz | Bohrer Consulting\" \/>\n<meta property=\"og:description\" content=\"Datenschutzkodex\" \/>\n<meta property=\"og:url\" content=\"https:\/\/www.bohrerconsulting.eu\/it\/datenschutz\/\" \/>\n<meta property=\"og:site_name\" content=\"Bohrer Consulting\" \/>\n<meta property=\"article:modified_time\" content=\"2017-05-31T07:25:00+00:00\" \/>\n<meta name=\"twitter:label1\" content=\"Tempo di lettura stimato\" \/>\n\t<meta name=\"twitter:data1\" content=\"2 minuti\" \/>\n<script type=\"application\/ld+json\" class=\"yoast-schema-graph\">{\"@context\":\"https:\/\/schema.org\",\"@graph\":[{\"@type\":\"WebPage\",\"@id\":\"https:\/\/www.bohrerconsulting.eu\/it\/datenschutz\/\",\"url\":\"https:\/\/www.bohrerconsulting.eu\/it\/datenschutz\/\",\"name\":\"Datenschutz | Bohrer Consulting\",\"isPartOf\":{\"@id\":\"https:\/\/www.bohrerconsulting.eu\/it\/#website\"},\"datePublished\":\"2015-03-03T14:38:55+00:00\",\"dateModified\":\"2017-05-31T07:25:00+00:00\",\"description\":\"Datenschutzkodex\",\"breadcrumb\":{\"@id\":\"https:\/\/www.bohrerconsulting.eu\/it\/datenschutz\/#breadcrumb\"},\"inLanguage\":\"it-IT\",\"potentialAction\":[{\"@type\":\"ReadAction\",\"target\":[\"https:\/\/www.bohrerconsulting.eu\/it\/datenschutz\/\"]}]},{\"@type\":\"BreadcrumbList\",\"@id\":\"https:\/\/www.bohrerconsulting.eu\/it\/datenschutz\/#breadcrumb\",\"itemListElement\":[{\"@type\":\"ListItem\",\"position\":1,\"name\":\"Home\",\"item\":\"https:\/\/www.bohrerconsulting.eu\/it\/home-it\/\"},{\"@type\":\"ListItem\",\"position\":2,\"name\":\"Datenschutz\"}]},{\"@type\":\"WebSite\",\"@id\":\"https:\/\/www.bohrerconsulting.eu\/it\/#website\",\"url\":\"https:\/\/www.bohrerconsulting.eu\/it\/\",\"name\":\"Bohrer Consulting\",\"description\":\"Unternehmensberatung, Organisations- und Personalentwicklung\",\"publisher\":{\"@id\":\"https:\/\/www.bohrerconsulting.eu\/it\/#\/schema\/person\/2bb016bfd6f97829daa077da82b08f0b\"},\"potentialAction\":[{\"@type\":\"SearchAction\",\"target\":{\"@type\":\"EntryPoint\",\"urlTemplate\":\"https:\/\/www.bohrerconsulting.eu\/it\/?s={search_term_string}\"},\"query-input\":{\"@type\":\"PropertyValueSpecification\",\"valueRequired\":true,\"valueName\":\"search_term_string\"}}],\"inLanguage\":\"it-IT\"},{\"@type\":[\"Person\",\"Organization\"],\"@id\":\"https:\/\/www.bohrerconsulting.eu\/it\/#\/schema\/person\/2bb016bfd6f97829daa077da82b08f0b\",\"name\":\"Patrizia Bohrer\",\"image\":{\"@type\":\"ImageObject\",\"inLanguage\":\"it-IT\",\"@id\":\"https:\/\/www.bohrerconsulting.eu\/it\/#\/schema\/person\/image\/\",\"url\":\"https:\/\/secure.gravatar.com\/avatar\/a43bf4ad3fa8642ed03febdf8ca5428b73893267da812511e3081b33094111ea?s=96&d=mm&r=g\",\"contentUrl\":\"https:\/\/secure.gravatar.com\/avatar\/a43bf4ad3fa8642ed03febdf8ca5428b73893267da812511e3081b33094111ea?s=96&d=mm&r=g\",\"caption\":\"Patrizia Bohrer\"},\"logo\":{\"@id\":\"https:\/\/www.bohrerconsulting.eu\/it\/#\/schema\/person\/image\/\"},\"sameAs\":[\"http:\/\/bohrerconsulting.eu\"]}]}<\/script>\n<!-- \/ Yoast SEO plugin. -->","yoast_head_json":{"title":"Datenschutz | Bohrer Consulting","description":"Datenschutzkodex","robots":{"index":"index","follow":"follow","max-snippet":"max-snippet:-1","max-image-preview":"max-image-preview:large","max-video-preview":"max-video-preview:-1"},"canonical":"https:\/\/www.bohrerconsulting.eu\/it\/datenschutz\/","og_locale":"it_IT","og_type":"article","og_title":"Datenschutz | Bohrer Consulting","og_description":"Datenschutzkodex","og_url":"https:\/\/www.bohrerconsulting.eu\/it\/datenschutz\/","og_site_name":"Bohrer Consulting","article_modified_time":"2017-05-31T07:25:00+00:00","twitter_misc":{"Tempo di lettura stimato":"2 minuti"},"schema":{"@context":"https:\/\/schema.org","@graph":[{"@type":"WebPage","@id":"https:\/\/www.bohrerconsulting.eu\/it\/datenschutz\/","url":"https:\/\/www.bohrerconsulting.eu\/it\/datenschutz\/","name":"Datenschutz | Bohrer Consulting","isPartOf":{"@id":"https:\/\/www.bohrerconsulting.eu\/it\/#website"},"datePublished":"2015-03-03T14:38:55+00:00","dateModified":"2017-05-31T07:25:00+00:00","description":"Datenschutzkodex","breadcrumb":{"@id":"https:\/\/www.bohrerconsulting.eu\/it\/datenschutz\/#breadcrumb"},"inLanguage":"it-IT","potentialAction":[{"@type":"ReadAction","target":["https:\/\/www.bohrerconsulting.eu\/it\/datenschutz\/"]}]},{"@type":"BreadcrumbList","@id":"https:\/\/www.bohrerconsulting.eu\/it\/datenschutz\/#breadcrumb","itemListElement":[{"@type":"ListItem","position":1,"name":"Home","item":"https:\/\/www.bohrerconsulting.eu\/it\/home-it\/"},{"@type":"ListItem","position":2,"name":"Datenschutz"}]},{"@type":"WebSite","@id":"https:\/\/www.bohrerconsulting.eu\/it\/#website","url":"https:\/\/www.bohrerconsulting.eu\/it\/","name":"Bohrer Consulting","description":"Unternehmensberatung, Organisations- und Personalentwicklung","publisher":{"@id":"https:\/\/www.bohrerconsulting.eu\/it\/#\/schema\/person\/2bb016bfd6f97829daa077da82b08f0b"},"potentialAction":[{"@type":"SearchAction","target":{"@type":"EntryPoint","urlTemplate":"https:\/\/www.bohrerconsulting.eu\/it\/?s={search_term_string}"},"query-input":{"@type":"PropertyValueSpecification","valueRequired":true,"valueName":"search_term_string"}}],"inLanguage":"it-IT"},{"@type":["Person","Organization"],"@id":"https:\/\/www.bohrerconsulting.eu\/it\/#\/schema\/person\/2bb016bfd6f97829daa077da82b08f0b","name":"Patrizia Bohrer","image":{"@type":"ImageObject","inLanguage":"it-IT","@id":"https:\/\/www.bohrerconsulting.eu\/it\/#\/schema\/person\/image\/","url":"https:\/\/secure.gravatar.com\/avatar\/a43bf4ad3fa8642ed03febdf8ca5428b73893267da812511e3081b33094111ea?s=96&d=mm&r=g","contentUrl":"https:\/\/secure.gravatar.com\/avatar\/a43bf4ad3fa8642ed03febdf8ca5428b73893267da812511e3081b33094111ea?s=96&d=mm&r=g","caption":"Patrizia Bohrer"},"logo":{"@id":"https:\/\/www.bohrerconsulting.eu\/it\/#\/schema\/person\/image\/"},"sameAs":["http:\/\/bohrerconsulting.eu"]}]}},"_links":{"self":[{"href":"https:\/\/www.bohrerconsulting.eu\/it\/wp-json\/wp\/v2\/pages\/3775","targetHints":{"allow":["GET"]}}],"collection":[{"href":"https:\/\/www.bohrerconsulting.eu\/it\/wp-json\/wp\/v2\/pages"}],"about":[{"href":"https:\/\/www.bohrerconsulting.eu\/it\/wp-json\/wp\/v2\/types\/page"}],"author":[{"embeddable":true,"href":"https:\/\/www.bohrerconsulting.eu\/it\/wp-json\/wp\/v2\/users\/2"}],"replies":[{"embeddable":true,"href":"https:\/\/www.bohrerconsulting.eu\/it\/wp-json\/wp\/v2\/comments?post=3775"}],"version-history":[{"count":5,"href":"https:\/\/www.bohrerconsulting.eu\/it\/wp-json\/wp\/v2\/pages\/3775\/revisions"}],"predecessor-version":[{"id":4451,"href":"https:\/\/www.bohrerconsulting.eu\/it\/wp-json\/wp\/v2\/pages\/3775\/revisions\/4451"}],"wp:attachment":[{"href":"https:\/\/www.bohrerconsulting.eu\/it\/wp-json\/wp\/v2\/media?parent=3775"}],"curies":[{"name":"wp","href":"https:\/\/api.w.org\/{rel}","templated":true}]}}